{"id":62,"date":"2025-10-14T15:40:59","date_gmt":"2025-10-14T13:40:59","guid":{"rendered":"https:\/\/powertoolsoutlet.pl\/?page_id=62"},"modified":"2025-10-14T16:51:13","modified_gmt":"2025-10-14T14:51:13","slug":"glowna","status":"publish","type":"page","link":"https:\/\/powertoolsoutlet.pl\/","title":{"rendered":"G\u0142\u00f3wna"},"content":{"rendered":"\t\t<div data-elementor-type=\"wp-page\" data-elementor-id=\"62\" class=\"elementor elementor-62\">\n\t\t\t\t<div class=\"elementor-element elementor-element-7eef184 e-grid e-con-full e-con e-parent\" data-id=\"7eef184\" data-element_type=\"container\" data-settings=\"{&quot;background_background&quot;:&quot;classic&quot;}\">\n\t\t<div class=\"elementor-element elementor-element-fa28abc e-flex e-con-boxed e-con e-child\" data-id=\"fa28abc\" data-element_type=\"container\">\n\t\t\t\t\t<div class=\"e-con-inner\">\n\t\t\t\t<div class=\"elementor-element elementor-element-9239a4e elementor-widget elementor-widget-heading\" data-id=\"9239a4e\" data-element_type=\"widget\" data-widget_type=\"heading.default\">\n\t\t\t\t\t<h1 class=\"elementor-heading-title elementor-size-default\">Narz\u0119dzia Outletowe<\/h1>\t\t\t\t<\/div>\n\t\t\t\t<div class=\"elementor-element elementor-element-de280b0 elementor-widget elementor-widget-heading\" data-id=\"de280b0\" data-element_type=\"widget\" data-widget_type=\"heading.default\">\n\t\t\t\t\t<h2 class=\"elementor-heading-title elementor-size-default\">w najni\u017cszej cenie<\/h2>\t\t\t\t<\/div>\n\t\t\t\t<div class=\"elementor-element elementor-element-492cb1d elementor-widget elementor-widget-text-editor\" data-id=\"492cb1d\" data-element_type=\"widget\" data-widget_type=\"text-editor.default\">\n\t\t\t\t\t\t\t\t\t<p>Odkryj wyb\u00f3r narz\u0119dzi najwy\u017cszej jako\u015bci w \u015bwietnych cenach, nawet 50% ni\u017cszych ni\u017c cena rynkowa. Sprawd\u017a nasz asortyment<\/p>\t\t\t\t\t\t\t\t<\/div>\n\t\t\t\t<div class=\"elementor-element elementor-element-ddd970e elementor-align-left elementor-widget elementor-widget-button\" data-id=\"ddd970e\" data-element_type=\"widget\" data-widget_type=\"button.default\">\n\t\t\t\t\t\t\t\t\t\t<a class=\"elementor-button elementor-button-link elementor-size-sm\" href=\"#\">\n\t\t\t\t\t\t<span class=\"elementor-button-content-wrapper\">\n\t\t\t\t\t\t\t\t\t<span class=\"elementor-button-text\">Zobacz produkty<\/span>\n\t\t\t\t\t<\/span>\n\t\t\t\t\t<\/a>\n\t\t\t\t\t\t\t\t<\/div>\n\t\t\t\t\t<\/div>\n\t\t\t\t<\/div>\n\t\t\t\t<div class=\"elementor-element elementor-element-46a6890 elementor-widget elementor-widget-image\" data-id=\"46a6890\" data-element_type=\"widget\" data-widget_type=\"image.default\">\n\t\t\t\t\t\t\t\t\t\t\t\t\t\t\t<img fetchpriority=\"high\" decoding=\"async\" width=\"1200\" height=\"1600\" src=\"https:\/\/powertoolsoutlet.pl\/wp-content\/uploads\/2025\/10\/Projekt-bez-nazwy.png\" class=\"attachment-full size-full wp-image-77\" alt=\"\" srcset=\"https:\/\/powertoolsoutlet.pl\/wp-content\/uploads\/2025\/10\/Projekt-bez-nazwy.png 1200w, https:\/\/powertoolsoutlet.pl\/wp-content\/uploads\/2025\/10\/Projekt-bez-nazwy-225x300.png 225w, https:\/\/powertoolsoutlet.pl\/wp-content\/uploads\/2025\/10\/Projekt-bez-nazwy-768x1024.png 768w, https:\/\/powertoolsoutlet.pl\/wp-content\/uploads\/2025\/10\/Projekt-bez-nazwy-1152x1536.png 1152w, https:\/\/powertoolsoutlet.pl\/wp-content\/uploads\/2025\/10\/Projekt-bez-nazwy-600x800.png 600w\" sizes=\"(max-width: 1200px) 100vw, 1200px\" \/>\t\t\t\t\t\t\t\t\t\t\t\t\t\t\t<\/div>\n\t\t\t\t<\/div>\n\t\t\t\t<\/div>\n\t\t","protected":false},"excerpt":{"rendered":"<p>Narz\u0119dzia Outletowe w najni\u017cszej cenie Odkryj wyb\u00f3r narz\u0119dzi najwy\u017cszej jako\u015bci w \u015bwietnych cenach, nawet 50% ni\u017cszych ni\u017c cena rynkowa. Sprawd\u017a [&hellip;]<\/p>\n","protected":false},"author":1,"featured_media":0,"parent":0,"menu_order":0,"comment_status":"closed","ping_status":"closed","template":"","meta":{"site-sidebar-layout":"default","site-content-layout":"","ast-site-content-layout":"default","site-content-style":"default","site-sidebar-style":"default","ast-global-header-display":"","ast-banner-title-visibility":"","ast-main-header-display":"","ast-hfb-above-header-display":"","ast-hfb-below-header-display":"","ast-hfb-mobile-header-display":"","site-post-title":"","ast-breadcrumbs-content":"","ast-featured-img":"","footer-sml-layout":"","theme-transparent-header-meta":"","adv-header-id-meta":"","stick-header-meta":"","header-above-stick-meta":"","header-main-stick-meta":"","header-below-stick-meta":"","astra-migrate-meta-layouts":"default","ast-page-background-enabled":"default","ast-page-background-meta":{"desktop":{"background-color":"var(--ast-global-color-5)","background-image":"","background-repeat":"repeat","background-position":"center center","background-size":"auto","background-attachment":"scroll","background-type":"","background-media":"","overlay-type":"","overlay-color":"","overlay-opacity":"","overlay-gradient":""},"tablet":{"background-color":"","background-image":"","background-repeat":"repeat","background-position":"center center","background-size":"auto","background-attachment":"scroll","background-type":"","background-media":"","overlay-type":"","overlay-color":"","overlay-opacity":"","overlay-gradient":""},"mobile":{"background-color":"","background-image":"","background-repeat":"repeat","background-position":"center center","background-size":"auto","background-attachment":"scroll","background-type":"","background-media":"","overlay-type":"","overlay-color":"","overlay-opacity":"","overlay-gradient":""}},"ast-content-background-meta":{"desktop":{"background-color":"var(--ast-global-color-4)","background-image":"","background-repeat":"repeat","background-position":"center center","background-size":"auto","background-attachment":"scroll","background-type":"","background-media":"","overlay-type":"","overlay-color":"","overlay-opacity":"","overlay-gradient":""},"tablet":{"background-color":"var(--ast-global-color-4)","background-image":"","background-repeat":"repeat","background-position":"center center","background-size":"auto","background-attachment":"scroll","background-type":"","background-media":"","overlay-type":"","overlay-color":"","overlay-opacity":"","overlay-gradient":""},"mobile":{"background-color":"var(--ast-global-color-4)","background-image":"","background-repeat":"repeat","background-position":"center center","background-size":"auto","background-attachment":"scroll","background-type":"","background-media":"","overlay-type":"","overlay-color":"","overlay-opacity":"","overlay-gradient":""}},"footnotes":""},"class_list":["post-62","page","type-page","status-publish","hentry"],"_links":{"self":[{"href":"https:\/\/powertoolsoutlet.pl\/index.php?rest_route=\/wp\/v2\/pages\/62","targetHints":{"allow":["GET"]}}],"collection":[{"href":"https:\/\/powertoolsoutlet.pl\/index.php?rest_route=\/wp\/v2\/pages"}],"about":[{"href":"https:\/\/powertoolsoutlet.pl\/index.php?rest_route=\/wp\/v2\/types\/page"}],"author":[{"embeddable":true,"href":"https:\/\/powertoolsoutlet.pl\/index.php?rest_route=\/wp\/v2\/users\/1"}],"replies":[{"embeddable":true,"href":"https:\/\/powertoolsoutlet.pl\/index.php?rest_route=%2Fwp%2Fv2%2Fcomments&post=62"}],"version-history":[{"count":9,"href":"https:\/\/powertoolsoutlet.pl\/index.php?rest_route=\/wp\/v2\/pages\/62\/revisions"}],"predecessor-version":[{"id":84,"href":"https:\/\/powertoolsoutlet.pl\/index.php?rest_route=\/wp\/v2\/pages\/62\/revisions\/84"}],"wp:attachment":[{"href":"https:\/\/powertoolsoutlet.pl\/index.php?rest_route=%2Fwp%2Fv2%2Fmedia&parent=62"}],"curies":[{"name":"wp","href":"https:\/\/api.w.org\/{rel}","templated":true}]}}